{"id":51926,"date":"2025-11-12T11:54:12","date_gmt":"2025-11-12T09:54:12","guid":{"rendered":"https:\/\/sotecdev.wpenginepowered.com\/ubicau\/"},"modified":"2025-12-01T18:38:15","modified_gmt":"2025-12-01T16:38:15","slug":"ubicau","status":"publish","type":"page","link":"https:\/\/sotec-consulting.com\/en\/ubicau\/","title":{"rendered":"UBICAU"},"content":{"rendered":"<p>[et_pb_section fb_built=&#8221;1&#8243; _builder_version=&#8221;4.27.4&#8243; _module_preset=&#8221;default&#8221; background_color=&#8221;#e5e5e5&#8243; background_image=&#8221;https:\/\/sotec-consulting.com\/wp-content\/uploads\/2025\/12\/ubicau.webp&#8221; height=&#8221;50vh&#8221; hover_enabled=&#8221;0&#8243; da_disable_devices=&#8221;off|off|off&#8221; locked=&#8221;off&#8221; global_colors_info=&#8221;{}&#8221; title_text=&#8221;ubicau&#8221; sticky_enabled=&#8221;0&#8243; da_is_popup=&#8221;off&#8221; da_exit_intent=&#8221;off&#8221; da_has_close=&#8221;on&#8221; da_alt_close=&#8221;off&#8221; da_dark_close=&#8221;off&#8221; da_not_modal=&#8221;on&#8221; da_is_singular=&#8221;off&#8221; da_with_loader=&#8221;off&#8221; da_has_shadow=&#8221;on&#8221;][et_pb_row _builder_version=&#8221;4.27.4&#8243; _module_preset=&#8221;default&#8221; background_color=&#8221;#FFFFFF&#8221; positioning=&#8221;absolute&#8221; position_origin_a=&#8221;bottom_right&#8221; width=&#8221;35.7%&#8221; width_tablet=&#8221;100%&#8221; width_phone=&#8221;100%&#8221; width_last_edited=&#8221;on|tablet&#8221; global_colors_info=&#8221;{}&#8221;][et_pb_column type=&#8221;4_4&#8243; _builder_version=&#8221;4.27.4&#8243; _module_preset=&#8221;default&#8221; global_colors_info=&#8221;{}&#8221;][et_pb_text _builder_version=&#8221;4.27.4&#8243; _module_preset=&#8221;default&#8221; header_font=&#8221;Big Shoulders Display|||on|||||&#8221; header_text_align=&#8221;center&#8221; header_font_size=&#8221;90px&#8221; hover_enabled=&#8221;0&#8243; header_font_size_tablet=&#8221;90px&#8221; header_font_size_phone=&#8221;48px&#8221; header_font_size_last_edited=&#8221;on|phone&#8221; global_colors_info=&#8221;{}&#8221; sticky_enabled=&#8221;0&#8243;]<\/p>\n<h1><span style=\"color: #00c072;\">Ubicau<\/span><\/h1>\n<p>[\/et_pb_text][\/et_pb_column][\/et_pb_row][\/et_pb_section][et_pb_section fb_built=&#8221;1&#8243; _builder_version=&#8221;4.27.4&#8243; _module_preset=&#8221;default&#8221; background_enable_color=&#8221;off&#8221; custom_padding=&#8221;10px||10px||true|false&#8221; da_disable_devices=&#8221;off|off|off&#8221; locked=&#8221;off&#8221; global_colors_info=&#8221;{}&#8221; da_is_popup=&#8221;off&#8221; da_exit_intent=&#8221;off&#8221; da_has_close=&#8221;on&#8221; da_alt_close=&#8221;off&#8221; da_dark_close=&#8221;off&#8221; da_not_modal=&#8221;on&#8221; da_is_singular=&#8221;off&#8221; da_with_loader=&#8221;off&#8221; da_has_shadow=&#8221;on&#8221;][et_pb_row _builder_version=&#8221;4.27.4&#8243; _module_preset=&#8221;default&#8221; custom_padding=&#8221;0px||0px||false|false&#8221; locked=&#8221;off&#8221; global_colors_info=&#8221;{}&#8221;][et_pb_column type=&#8221;4_4&#8243; _builder_version=&#8221;4.27.4&#8243; _module_preset=&#8221;default&#8221; global_colors_info=&#8221;{}&#8221;][et_pb_code _builder_version=&#8221;4.27.4&#8243; _module_preset=&#8221;default&#8221; global_colors_info=&#8221;{}&#8221;]<span><span><a href=\"https:\/\/sotec-consulting.com\/en\/\">Home<\/a><\/span><\/span>[\/et_pb_code][\/et_pb_column][\/et_pb_row][\/et_pb_section][et_pb_section fb_built=&#8221;1&#8243; next_background_color=&#8221;#ffffff&#8221; _builder_version=&#8221;4.27.4&#8243; _module_preset=&#8221;default&#8221; background_color=&#8221;#000000&#8243; bottom_divider_style=&#8221;arrow&#8221; da_disable_devices=&#8221;off|off|off&#8221; locked=&#8221;off&#8221; global_colors_info=&#8221;{}&#8221; da_is_popup=&#8221;off&#8221; da_exit_intent=&#8221;off&#8221; da_has_close=&#8221;on&#8221; da_alt_close=&#8221;off&#8221; da_dark_close=&#8221;off&#8221; da_not_modal=&#8221;on&#8221; da_is_singular=&#8221;off&#8221; da_with_loader=&#8221;off&#8221; da_has_shadow=&#8221;on&#8221;][et_pb_row _builder_version=&#8221;4.27.4&#8243; _module_preset=&#8221;default&#8221; custom_padding=&#8221;0px||||false|false&#8221; global_colors_info=&#8221;{}&#8221;][et_pb_column type=&#8221;4_4&#8243; _builder_version=&#8221;4.27.4&#8243; _module_preset=&#8221;default&#8221; global_colors_info=&#8221;{}&#8221;][et_pb_text _builder_version=&#8221;4.27.4&#8243; _module_preset=&#8221;default&#8221; header_text_color=&#8221;#FFFFFF&#8221; global_colors_info=&#8221;{}&#8221;]<\/p>\n<h1 style=\"text-align: center;\">UBICAU<\/h1>\n<p>[\/et_pb_text][et_pb_text _builder_version=&#8221;4.27.4&#8243; _module_preset=&#8221;default&#8221; text_text_color=&#8221;#00C072&#8243; text_orientation=&#8221;center&#8221; global_colors_info=&#8221;{}&#8221;]<\/p>\n<p><span>Es una plataforma multidispositivo para la monitorizaci\u00f3n de la resoluci\u00f3n de incidencias informadas. Permite geolocalizar a t\u00e9cnicos y usuarios, asignar la incidencia al t\u00e9cnico y hacer un seguimiento de la resoluci\u00f3n de la misma.<\/span><\/p>\n<p>[\/et_pb_text][\/et_pb_column][\/et_pb_row][\/et_pb_section][et_pb_section fb_built=&#8221;1&#8243; _builder_version=&#8221;4.27.4&#8243; _module_preset=&#8221;default&#8221; da_disable_devices=&#8221;off|off|off&#8221; global_colors_info=&#8221;{}&#8221; da_is_popup=&#8221;off&#8221; da_exit_intent=&#8221;off&#8221; da_has_close=&#8221;on&#8221; da_alt_close=&#8221;off&#8221; da_dark_close=&#8221;off&#8221; da_not_modal=&#8221;on&#8221; da_is_singular=&#8221;off&#8221; da_with_loader=&#8221;off&#8221; da_has_shadow=&#8221;on&#8221;][et_pb_row _builder_version=&#8221;4.27.4&#8243; _module_preset=&#8221;default&#8221; global_colors_info=&#8221;{}&#8221;][et_pb_column type=&#8221;4_4&#8243; _builder_version=&#8221;4.27.4&#8243; _module_preset=&#8221;default&#8221; global_colors_info=&#8221;{}&#8221;][et_pb_text _builder_version=&#8221;4.27.4&#8243; _module_preset=&#8221;default&#8221; header_text_align=&#8221;center&#8221; header_3_text_align=&#8221;center&#8221; global_colors_info=&#8221;{}&#8221;]<\/p>\n<h3><strong>Valor A\u00f1adido:<\/strong><\/h3>\n<p>[\/et_pb_text][\/et_pb_column][\/et_pb_row][et_pb_row column_structure=&#8221;1_3,1_3,1_3&#8243; _builder_version=&#8221;4.27.4&#8243; _module_preset=&#8221;default&#8221; global_colors_info=&#8221;{}&#8221;][et_pb_column type=&#8221;1_3&#8243; _builder_version=&#8221;4.27.4&#8243; _module_preset=&#8221;default&#8221; global_colors_info=&#8221;{}&#8221;][et_pb_image src=&#8221;https:\/\/sotec-consulting.com\/wp-content\/uploads\/2025\/11\/mayor_control_sobre_la_resolucion_de_incidencias.png&#8221; title_text=&#8221;mayor_control_sobre_la_resoluci\u00f3n_de_incidencias&#8221; show_bottom_space=&#8221;off&#8221; align=&#8221;center&#8221; _builder_version=&#8221;4.27.4&#8243; _module_preset=&#8221;default&#8221; height=&#8221;100px&#8221; custom_margin=&#8221;||10px||false|false&#8221; global_colors_info=&#8221;{}&#8221;][\/et_pb_image][et_pb_text _builder_version=&#8221;4.27.4&#8243; _module_preset=&#8221;default&#8221; text_orientation=&#8221;center&#8221; global_colors_info=&#8221;{}&#8221;]<\/p>\n<p><span>Mayor control sobre la resoluci\u00f3n de las incidencias.<\/span><\/p>\n<p>[\/et_pb_text][\/et_pb_column][et_pb_column type=&#8221;1_3&#8243; _builder_version=&#8221;4.27.4&#8243; _module_preset=&#8221;default&#8221; global_colors_info=&#8221;{}&#8221;][et_pb_image src=&#8221;https:\/\/sotec-consulting.com\/wp-content\/uploads\/2025\/11\/contacto_directo_entre_peticionario_y_tecnicos.png&#8221; title_text=&#8221;contacto_directo_entre_peticionario_y_t\u00e9cnicos&#8221; show_bottom_space=&#8221;off&#8221; align=&#8221;center&#8221; _builder_version=&#8221;4.27.4&#8243; _module_preset=&#8221;default&#8221; height=&#8221;100px&#8221; custom_margin=&#8221;||10px||false|false&#8221; global_colors_info=&#8221;{}&#8221;][\/et_pb_image][et_pb_text _builder_version=&#8221;4.27.4&#8243; _module_preset=&#8221;default&#8221; text_orientation=&#8221;center&#8221; global_colors_info=&#8221;{}&#8221;]<\/p>\n<p><span>Contacto directo entre el peticionario y los t\u00e9cnicos.<\/span><\/p>\n<p>[\/et_pb_text][\/et_pb_column][et_pb_column type=&#8221;1_3&#8243; _builder_version=&#8221;4.27.4&#8243; _module_preset=&#8221;default&#8221; global_colors_info=&#8221;{}&#8221;][et_pb_image src=&#8221;https:\/\/sotec-consulting.com\/wp-content\/uploads\/2025\/11\/disminuye_el_tiempo_de_resolucion_de_incidencias.png&#8221; title_text=&#8221;disminuye_el_tiempo_de_resoluci\u00f3n_de_incidencias&#8221; show_bottom_space=&#8221;off&#8221; align=&#8221;center&#8221; _builder_version=&#8221;4.27.4&#8243; _module_preset=&#8221;default&#8221; height=&#8221;100px&#8221; custom_margin=&#8221;||10px||false|false&#8221; global_colors_info=&#8221;{}&#8221;][\/et_pb_image][et_pb_text _builder_version=&#8221;4.27.4&#8243; _module_preset=&#8221;default&#8221; text_orientation=&#8221;center&#8221; global_colors_info=&#8221;{}&#8221;]<\/p>\n<p><span>Disminuye el tiempo de resoluci\u00f3n de las incidencias.<\/span><\/p>\n<p>[\/et_pb_text][\/et_pb_column][\/et_pb_row][et_pb_row column_structure=&#8221;1_3,1_3,1_3&#8243; _builder_version=&#8221;4.27.4&#8243; _module_preset=&#8221;default&#8221; global_colors_info=&#8221;{}&#8221;][et_pb_column type=&#8221;1_3&#8243; _builder_version=&#8221;4.27.4&#8243; _module_preset=&#8221;default&#8221; global_colors_info=&#8221;{}&#8221;][et_pb_image src=&#8221;https:\/\/sotec-consulting.com\/wp-content\/uploads\/2025\/11\/aumentar_la_efectividad_del_trabajo.png&#8221; title_text=&#8221;aumentar_la_efectividad_del_trabajo&#8221; show_bottom_space=&#8221;off&#8221; align=&#8221;center&#8221; _builder_version=&#8221;4.27.4&#8243; _module_preset=&#8221;default&#8221; height=&#8221;100px&#8221; custom_margin=&#8221;||10px||false|false&#8221; global_colors_info=&#8221;{}&#8221;][\/et_pb_image][et_pb_text _builder_version=&#8221;4.27.4&#8243; _module_preset=&#8221;default&#8221; text_orientation=&#8221;center&#8221; global_colors_info=&#8221;{}&#8221;]<\/p>\n<p><span>Aumenta la efectividad del trabajo.<\/span><\/p>\n<p>[\/et_pb_text][\/et_pb_column][et_pb_column type=&#8221;1_3&#8243; _builder_version=&#8221;4.27.4&#8243; _module_preset=&#8221;default&#8221; global_colors_info=&#8221;{}&#8221;][et_pb_image src=&#8221;https:\/\/sotec-consulting.com\/wp-content\/uploads\/2025\/11\/mayor_eficiencia_de_servicio_al_peticionario.png&#8221; title_text=&#8221;mayor_eficiencia_de_servicio_al_peticionario&#8221; show_bottom_space=&#8221;off&#8221; align=&#8221;center&#8221; _builder_version=&#8221;4.27.4&#8243; _module_preset=&#8221;default&#8221; height=&#8221;100px&#8221; custom_margin=&#8221;||10px||false|false&#8221; global_colors_info=&#8221;{}&#8221;][\/et_pb_image][et_pb_text _builder_version=&#8221;4.27.4&#8243; _module_preset=&#8221;default&#8221; text_orientation=&#8221;center&#8221; global_colors_info=&#8221;{}&#8221;]<\/p>\n<p><span>Mayor eficiencia del servicio al peticionario.<\/span><\/p>\n<p>[\/et_pb_text][\/et_pb_column][et_pb_column type=&#8221;1_3&#8243; _builder_version=&#8221;4.27.4&#8243; _module_preset=&#8221;default&#8221; global_colors_info=&#8221;{}&#8221;][et_pb_image src=&#8221;https:\/\/sotec-consulting.com\/wp-content\/uploads\/2025\/11\/mejora_la_productividad_de_los_recursos.png&#8221; title_text=&#8221;mejora_la_productividad_de_los_recursos&#8221; show_bottom_space=&#8221;off&#8221; align=&#8221;center&#8221; _builder_version=&#8221;4.27.4&#8243; _module_preset=&#8221;default&#8221; height=&#8221;100px&#8221; custom_margin=&#8221;||10px||false|false&#8221; global_colors_info=&#8221;{}&#8221;][\/et_pb_image][et_pb_text _builder_version=&#8221;4.27.4&#8243; _module_preset=&#8221;default&#8221; text_orientation=&#8221;center&#8221; global_colors_info=&#8221;{}&#8221;]<\/p>\n<p><span>Mejora la productividad de los recursos.<\/span><\/p>\n<p>[\/et_pb_text][\/et_pb_column][\/et_pb_row][\/et_pb_section]<\/p>\n","protected":false},"excerpt":{"rendered":"<p>Ubicau<span><span><a href=\"https:\/\/sotec-consulting.com\/en\/\">Home<\/a><\/span><\/span>UBICAUEs una plataforma multidispositivo para la monitorizaci\u00f3n de la resoluci\u00f3n de incidencias informadas. Permite geolocalizar a t\u00e9cnicos y usuarios, asignar la incidencia al t\u00e9cnico y hacer un seguimiento de la resoluci\u00f3n de la misma.Valor A\u00f1adido:Mayor control sobre la resoluci\u00f3n de las incidencias.Contacto directo entre el peticionario y los t\u00e9cnicos.Disminuye el tiempo de resoluci\u00f3n de las [&hellip;]<\/p>\n","protected":false},"author":16,"featured_media":0,"parent":0,"menu_order":0,"comment_status":"closed","ping_status":"closed","template":"","meta":{"_et_pb_use_builder":"on","_et_pb_old_content":"","_et_gb_content_width":"","inline_featured_image":false,"footnotes":""},"class_list":["post-51926","page","type-page","status-publish","hentry"],"yoast_head":"<!-- This site is optimized with the Yoast SEO plugin v27.3 - https:\/\/yoast.com\/product\/yoast-seo-wordpress\/ -->\n<title>UBICAU - Sotec<\/title>\n<meta name=\"description\" content=\"UBICAU monitoriza y gestiona incidencias, geolocaliza t\u00e9cnicos y mejora la eficiencia, productividad y tiempo de resoluci\u00f3n de los servicios.\" \/>\n<meta name=\"robots\" content=\"index, follow, max-snippet:-1, max-image-preview:large, max-video-preview:-1\" \/>\n<link rel=\"canonical\" href=\"https:\/\/sotec-consulting.com\/en\/ubicau\/\" \/>\n<meta property=\"og:locale\" content=\"en_US\" \/>\n<meta property=\"og:type\" content=\"article\" \/>\n<meta property=\"og:title\" content=\"UBICAU - Sotec\" \/>\n<meta property=\"og:description\" content=\"UBICAU monitoriza y gestiona incidencias, geolocaliza t\u00e9cnicos y mejora la eficiencia, productividad y tiempo de resoluci\u00f3n de los servicios.\" \/>\n<meta property=\"og:url\" content=\"https:\/\/sotec-consulting.com\/en\/ubicau\/\" \/>\n<meta property=\"og:site_name\" content=\"Sotec\" \/>\n<meta property=\"article:modified_time\" content=\"2025-12-01T16:38:15+00:00\" \/>\n<meta property=\"og:image\" content=\"https:\/\/sotec-consulting.com\/wp-content\/uploads\/2025\/11\/logo_sotec_horizonta.png\" \/>\n\t<meta property=\"og:image:width\" content=\"2423\" \/>\n\t<meta property=\"og:image:height\" content=\"1080\" \/>\n\t<meta property=\"og:image:type\" content=\"image\/png\" \/>\n<meta name=\"twitter:card\" content=\"summary_large_image\" \/>\n<meta name=\"twitter:label1\" content=\"Est. reading time\" \/>\n\t<meta name=\"twitter:data1\" content=\"2 minutes\" \/>\n<script type=\"application\/ld+json\" class=\"yoast-schema-graph\">{\"@context\":\"https:\\\/\\\/schema.org\",\"@graph\":[{\"@type\":\"WebPage\",\"@id\":\"https:\\\/\\\/sotec-consulting.com\\\/en\\\/ubicau\\\/\",\"url\":\"https:\\\/\\\/sotec-consulting.com\\\/en\\\/ubicau\\\/\",\"name\":\"UBICAU - Sotec\",\"isPartOf\":{\"@id\":\"https:\\\/\\\/sotec-consulting.com\\\/en\\\/#website\"},\"datePublished\":\"2025-11-12T09:54:12+00:00\",\"dateModified\":\"2025-12-01T16:38:15+00:00\",\"description\":\"UBICAU monitoriza y gestiona incidencias, geolocaliza t\u00e9cnicos y mejora la eficiencia, productividad y tiempo de resoluci\u00f3n de los servicios.\",\"breadcrumb\":{\"@id\":\"https:\\\/\\\/sotec-consulting.com\\\/en\\\/ubicau\\\/#breadcrumb\"},\"inLanguage\":\"en-US\",\"potentialAction\":[{\"@type\":\"ReadAction\",\"target\":[\"https:\\\/\\\/sotec-consulting.com\\\/en\\\/ubicau\\\/\"]}]},{\"@type\":\"BreadcrumbList\",\"@id\":\"https:\\\/\\\/sotec-consulting.com\\\/en\\\/ubicau\\\/#breadcrumb\",\"itemListElement\":[{\"@type\":\"ListItem\",\"position\":1,\"name\":\"Home\",\"item\":\"https:\\\/\\\/sotec-consulting.com\\\/en\\\/\"},{\"@type\":\"ListItem\",\"position\":2,\"name\":\"UBICAU\"}]},{\"@type\":\"WebSite\",\"@id\":\"https:\\\/\\\/sotec-consulting.com\\\/en\\\/#website\",\"url\":\"https:\\\/\\\/sotec-consulting.com\\\/en\\\/\",\"name\":\"Sotec\",\"description\":\"Sotec\",\"publisher\":{\"@id\":\"https:\\\/\\\/sotec-consulting.com\\\/en\\\/#organization\"},\"potentialAction\":[{\"@type\":\"SearchAction\",\"target\":{\"@type\":\"EntryPoint\",\"urlTemplate\":\"https:\\\/\\\/sotec-consulting.com\\\/en\\\/?s={search_term_string}\"},\"query-input\":{\"@type\":\"PropertyValueSpecification\",\"valueRequired\":true,\"valueName\":\"search_term_string\"}}],\"inLanguage\":\"en-US\"},{\"@type\":\"Organization\",\"@id\":\"https:\\\/\\\/sotec-consulting.com\\\/en\\\/#organization\",\"name\":\"Sotec\",\"alternateName\":\"Sotec\",\"url\":\"https:\\\/\\\/sotec-consulting.com\\\/en\\\/\",\"logo\":{\"@type\":\"ImageObject\",\"inLanguage\":\"en-US\",\"@id\":\"https:\\\/\\\/sotec-consulting.com\\\/en\\\/#\\\/schema\\\/logo\\\/image\\\/\",\"url\":\"https:\\\/\\\/sotec-consulting.com\\\/wp-content\\\/uploads\\\/2025\\\/11\\\/logo_sotec_horizonta.png\",\"contentUrl\":\"https:\\\/\\\/sotec-consulting.com\\\/wp-content\\\/uploads\\\/2025\\\/11\\\/logo_sotec_horizonta.png\",\"width\":2423,\"height\":1080,\"caption\":\"Sotec\"},\"image\":{\"@id\":\"https:\\\/\\\/sotec-consulting.com\\\/en\\\/#\\\/schema\\\/logo\\\/image\\\/\"}}]}<\/script>\n<!-- \/ Yoast SEO plugin. -->","yoast_head_json":{"title":"UBICAU - Sotec","description":"UBICAU monitoriza y gestiona incidencias, geolocaliza t\u00e9cnicos y mejora la eficiencia, productividad y tiempo de resoluci\u00f3n de los servicios.","robots":{"index":"index","follow":"follow","max-snippet":"max-snippet:-1","max-image-preview":"max-image-preview:large","max-video-preview":"max-video-preview:-1"},"canonical":"https:\/\/sotec-consulting.com\/en\/ubicau\/","og_locale":"en_US","og_type":"article","og_title":"UBICAU - Sotec","og_description":"UBICAU monitoriza y gestiona incidencias, geolocaliza t\u00e9cnicos y mejora la eficiencia, productividad y tiempo de resoluci\u00f3n de los servicios.","og_url":"https:\/\/sotec-consulting.com\/en\/ubicau\/","og_site_name":"Sotec","article_modified_time":"2025-12-01T16:38:15+00:00","og_image":[{"width":2423,"height":1080,"url":"https:\/\/sotec-consulting.com\/wp-content\/uploads\/2025\/11\/logo_sotec_horizonta.png","type":"image\/png"}],"twitter_card":"summary_large_image","twitter_misc":{"Est. reading time":"2 minutes"},"schema":{"@context":"https:\/\/schema.org","@graph":[{"@type":"WebPage","@id":"https:\/\/sotec-consulting.com\/en\/ubicau\/","url":"https:\/\/sotec-consulting.com\/en\/ubicau\/","name":"UBICAU - Sotec","isPartOf":{"@id":"https:\/\/sotec-consulting.com\/en\/#website"},"datePublished":"2025-11-12T09:54:12+00:00","dateModified":"2025-12-01T16:38:15+00:00","description":"UBICAU monitoriza y gestiona incidencias, geolocaliza t\u00e9cnicos y mejora la eficiencia, productividad y tiempo de resoluci\u00f3n de los servicios.","breadcrumb":{"@id":"https:\/\/sotec-consulting.com\/en\/ubicau\/#breadcrumb"},"inLanguage":"en-US","potentialAction":[{"@type":"ReadAction","target":["https:\/\/sotec-consulting.com\/en\/ubicau\/"]}]},{"@type":"BreadcrumbList","@id":"https:\/\/sotec-consulting.com\/en\/ubicau\/#breadcrumb","itemListElement":[{"@type":"ListItem","position":1,"name":"Home","item":"https:\/\/sotec-consulting.com\/en\/"},{"@type":"ListItem","position":2,"name":"UBICAU"}]},{"@type":"WebSite","@id":"https:\/\/sotec-consulting.com\/en\/#website","url":"https:\/\/sotec-consulting.com\/en\/","name":"Sotec","description":"Sotec","publisher":{"@id":"https:\/\/sotec-consulting.com\/en\/#organization"},"potentialAction":[{"@type":"SearchAction","target":{"@type":"EntryPoint","urlTemplate":"https:\/\/sotec-consulting.com\/en\/?s={search_term_string}"},"query-input":{"@type":"PropertyValueSpecification","valueRequired":true,"valueName":"search_term_string"}}],"inLanguage":"en-US"},{"@type":"Organization","@id":"https:\/\/sotec-consulting.com\/en\/#organization","name":"Sotec","alternateName":"Sotec","url":"https:\/\/sotec-consulting.com\/en\/","logo":{"@type":"ImageObject","inLanguage":"en-US","@id":"https:\/\/sotec-consulting.com\/en\/#\/schema\/logo\/image\/","url":"https:\/\/sotec-consulting.com\/wp-content\/uploads\/2025\/11\/logo_sotec_horizonta.png","contentUrl":"https:\/\/sotec-consulting.com\/wp-content\/uploads\/2025\/11\/logo_sotec_horizonta.png","width":2423,"height":1080,"caption":"Sotec"},"image":{"@id":"https:\/\/sotec-consulting.com\/en\/#\/schema\/logo\/image\/"}}]}},"_links":{"self":[{"href":"https:\/\/sotec-consulting.com\/en\/wp-json\/wp\/v2\/pages\/51926","targetHints":{"allow":["GET"]}}],"collection":[{"href":"https:\/\/sotec-consulting.com\/en\/wp-json\/wp\/v2\/pages"}],"about":[{"href":"https:\/\/sotec-consulting.com\/en\/wp-json\/wp\/v2\/types\/page"}],"author":[{"embeddable":true,"href":"https:\/\/sotec-consulting.com\/en\/wp-json\/wp\/v2\/users\/16"}],"replies":[{"embeddable":true,"href":"https:\/\/sotec-consulting.com\/en\/wp-json\/wp\/v2\/comments?post=51926"}],"version-history":[{"count":0,"href":"https:\/\/sotec-consulting.com\/en\/wp-json\/wp\/v2\/pages\/51926\/revisions"}],"wp:attachment":[{"href":"https:\/\/sotec-consulting.com\/en\/wp-json\/wp\/v2\/media?parent=51926"}],"curies":[{"name":"wp","href":"https:\/\/api.w.org\/{rel}","templated":true}]}}