{"id":52009,"date":"2025-11-06T15:40:17","date_gmt":"2025-11-06T13:40:17","guid":{"rendered":"https:\/\/sotecdev.wpenginepowered.com\/mision-y-vision-3\/"},"modified":"2025-12-01T15:40:09","modified_gmt":"2025-12-01T13:40:09","slug":"mission-and-vision","status":"publish","type":"page","link":"https:\/\/sotec-consulting.com\/en\/mission-and-vision\/","title":{"rendered":"Mission and Vision"},"content":{"rendered":"<p>[et_pb_section fb_built=&#8221;1&#8243; _builder_version=&#8221;4.27.4&#8243; _module_preset=&#8221;default&#8221; background_color=&#8221;#e5e5e5&#8243; background_image=&#8221;https:\/\/sotec-consulting.com\/wp-content\/uploads\/2025\/12\/mision-vision-scaled.webp&#8221; height=&#8221;50vh&#8221; hover_enabled=&#8221;0&#8243; da_disable_devices=&#8221;off|off|off&#8221; locked=&#8221;off&#8221; global_colors_info=&#8221;{}&#8221; sticky_enabled=&#8221;0&#8243; title_text=&#8221;mision vision&#8221; da_is_popup=&#8221;off&#8221; da_exit_intent=&#8221;off&#8221; da_has_close=&#8221;on&#8221; da_alt_close=&#8221;off&#8221; da_dark_close=&#8221;off&#8221; da_not_modal=&#8221;on&#8221; da_is_singular=&#8221;off&#8221; da_with_loader=&#8221;off&#8221; da_has_shadow=&#8221;on&#8221;][et_pb_row _builder_version=&#8221;4.27.4&#8243; _module_preset=&#8221;default&#8221; background_color=&#8221;#FFFFFF&#8221; width=&#8221;35.7%&#8221; positioning=&#8221;absolute&#8221; position_origin_a=&#8221;bottom_right&#8221; hover_enabled=&#8221;0&#8243; sticky_enabled=&#8221;0&#8243; width_last_edited=&#8221;on|tablet&#8221; width_tablet=&#8221;100%&#8221; width_phone=&#8221;100%&#8221;][et_pb_column _builder_version=&#8221;4.27.4&#8243; _module_preset=&#8221;default&#8221; type=&#8221;4_4&#8243;][et_pb_text _builder_version=&#8221;4.27.4&#8243; _module_preset=&#8221;default&#8221; hover_enabled=&#8221;0&#8243; sticky_enabled=&#8221;0&#8243; header_text_align=&#8221;center&#8221; header_font=&#8221;Big Shoulders Display|||on|||||&#8221; header_font_size=&#8221;90px&#8221; header_font_size_last_edited=&#8221;on|phone&#8221; header_font_size_phone=&#8221;48px&#8221; header_font_size_tablet=&#8221;90px&#8221;]<\/p>\n<h1><span style=\"color: #00c072;\">Mission<\/span> And vision<\/h1>\n<p>[\/et_pb_text][\/et_pb_column][\/et_pb_row][\/et_pb_section][et_pb_section fb_built=&#8221;1&#8243; _builder_version=&#8221;4.27.4&#8243; _module_preset=&#8221;default&#8221; custom_padding=&#8221;10px||||false|false&#8221; da_disable_devices=&#8221;off|off|off&#8221; global_colors_info=&#8221;{}&#8221; da_is_popup=&#8221;off&#8221; da_exit_intent=&#8221;off&#8221; da_has_close=&#8221;on&#8221; da_alt_close=&#8221;off&#8221; da_dark_close=&#8221;off&#8221; da_not_modal=&#8221;on&#8221; da_is_singular=&#8221;off&#8221; da_with_loader=&#8221;off&#8221; da_has_shadow=&#8221;on&#8221;][et_pb_row _builder_version=&#8221;4.27.4&#8243; _module_preset=&#8221;default&#8221; custom_padding=&#8221;0px||||false|false&#8221; global_colors_info=&#8221;{}&#8221;][et_pb_column type=&#8221;4_4&#8243; _builder_version=&#8221;4.27.4&#8243; _module_preset=&#8221;default&#8221; global_colors_info=&#8221;{}&#8221;][et_pb_code _builder_version=&#8221;4.27.4&#8243; _module_preset=&#8221;default&#8221; global_colors_info=&#8221;{}&#8221;]<span><span><a href=\"https:\/\/sotec-consulting.com\/en\/\">Home<\/a><\/span><\/span>[\/et_pb_code][\/et_pb_column][\/et_pb_row][et_pb_row column_structure=&#8221;1_2,1_2&#8243; _builder_version=&#8221;4.27.4&#8243; _module_preset=&#8221;default&#8221; width_tablet=&#8221;100%&#8221; width_phone=&#8221;100%&#8221; width_last_edited=&#8221;on|tablet&#8221; global_colors_info=&#8221;{}&#8221;][et_pb_column type=&#8221;1_2&#8243; _builder_version=&#8221;4.27.4&#8243; _module_preset=&#8221;default&#8221; global_colors_info=&#8221;{}&#8221;][et_pb_text _builder_version=&#8221;4.27.4&#8243; _module_preset=&#8221;default&#8221; header_2_font=&#8221;|700|||||||&#8221; header_2_text_align=&#8221;center&#8221; global_colors_info=&#8221;{}&#8221;]<\/p>\n<h2>Mission<\/h2>\n<p>[\/et_pb_text][ba_flipbox front_media_type=&#8221;none&#8221; back_media_type=&#8221;none&#8221; back_description=&#8221;Poner la tecnolog\u00eda a disposici\u00f3n de la sociedad, con el fin de facilitar la vida de los usuarios en su d\u00eda a d\u00eda. Somos socio tecnol\u00f3gico de nuestros clientes, utilizando la innovaci\u00f3n como motor. Apostamos por las personas y su talento, para generar valor, trabajando siempre con el m\u00e1s alto est\u00e1ndar de calidad, con integridad y confianza. Siempre bajo un mismo lema \u201cDoing The Right Thing\u201d&#8221; main_height=&#8221;480px&#8221; front_padding=&#8221;0px|0px|0px|0px&#8221; back_padding=&#8221;0px|0px|0px|0px&#8221; back_ct_padding=&#8221;0px|50px|0px|50px|false|true&#8221; back_img_height=&#8221;120px&#8221; back_img_width=&#8221;120px&#8221; back_bg_color=&#8221;RGBA(255,255,255,0)&#8221; front_bg_color=&#8221;RGBA(255,255,255,0)&#8221; front_bg_image=&#8221;https:\/\/sotec-consulting.com\/wp-content\/uploads\/2025\/11\/mision2_img.png&#8221; front_desc_spacing=&#8221;10px&#8221; back_desc_spacing=&#8221;10px&#8221; main_height_tablet=&#8221;380px&#8221; main_height_phone=&#8221;300px&#8221; main_height_last_edited=&#8221;on|phone&#8221; _builder_version=&#8221;4.27.4&#8243; _module_preset=&#8221;default&#8221; front_title_font_size=&#8221;1.5rem&#8221; front_description_font_size=&#8221;1rem&#8221; back_title_text_color=&#8221;#ffffff&#8221; back_title_font_size=&#8221;14px&#8221; back_description_text_color=&#8221;#2D2927&#8243; back_description_font_size=&#8221;15px&#8221; background_enable_image=&#8221;off&#8221; width=&#8221;480px&#8221; width_tablet=&#8221;380px&#8221; width_phone=&#8221;300px&#8221; width_last_edited=&#8221;on|tablet&#8221; module_alignment=&#8221;center&#8221; min_height=&#8221;480px&#8221; min_height_tablet=&#8221;480px&#8221; min_height_phone=&#8221;300px&#8221; min_height_last_edited=&#8221;on|phone&#8221; height=&#8221;480px&#8221; height_tablet=&#8221;480px&#8221; height_phone=&#8221;300px&#8221; height_last_edited=&#8221;on|phone&#8221; max_height=&#8221;480px&#8221; max_height_tablet=&#8221;480px&#8221; max_height_phone=&#8221;300px&#8221; max_height_last_edited=&#8221;on|phone&#8221; custom_margin=&#8221;0px|0px|0px|0px|true|true&#8221; custom_padding=&#8221;|0px|0px|0px|false|true&#8221; back_description_font_size_tablet=&#8221;13px&#8221; back_description_font_size_phone=&#8221;12px&#8221; back_description_font_size_last_edited=&#8221;on|tablet&#8221; back_description_line_height_tablet=&#8221;&#8221; back_description_line_height_phone=&#8221;1.4em&#8221; back_description_line_height_last_edited=&#8221;on|phone&#8221; custom_css_back_desc=&#8221;||||&#8221; border_radii_card=&#8221;on|100%|100%|100%|100%&#8221; border_width_all_card=&#8221;3px&#8221; border_color_all_card=&#8221;#00C072&#8243; border_radii_front_media=&#8221;on|300%|300%|300%|300%&#8221; border_radii_back_media=&#8221;on|100px|100px|100px|100px&#8221; global_colors_info=&#8221;{}&#8221;][\/ba_flipbox][\/et_pb_column][et_pb_column type=&#8221;1_2&#8243; _builder_version=&#8221;4.27.4&#8243; _module_preset=&#8221;default&#8221; global_colors_info=&#8221;{}&#8221;][et_pb_text _builder_version=&#8221;4.27.4&#8243; _module_preset=&#8221;default&#8221; header_2_font=&#8221;|700|||||||&#8221; header_2_text_align=&#8221;center&#8221; global_colors_info=&#8221;{}&#8221;]<\/p>\n<h2>Vision<\/h2>\n<p>[\/et_pb_text][ba_flipbox front_media_type=&#8221;none&#8221; back_media_type=&#8221;none&#8221; back_description=&#8221;Ser reconocidos a nivel internacional como referentes en la transformaci\u00f3n digital de las empresas, aportando soluciones adaptadas a sus necesidades. Ofreciendo inteligencia tecnol\u00f3gica y el valor a\u00f1adido de nuestro equipo. Apostamos por las personas, la innovaci\u00f3n y el compromiso para dar a nuestros clientes el mejor valor a\u00f1adido en la prestaci\u00f3n de sus servicios.&#8221; main_height=&#8221;480px&#8221; front_padding=&#8221;0px|0px|0px|0px&#8221; back_padding=&#8221;0px|0px|0px|0px&#8221; back_ct_padding=&#8221;0px|50px|0px|50px|false|true&#8221; back_img_height=&#8221;120px&#8221; back_img_width=&#8221;120px&#8221; back_bg_color=&#8221;RGBA(255,255,255,0)&#8221; front_bg_color=&#8221;RGBA(255,255,255,0)&#8221; front_bg_image=&#8221;https:\/\/sotec-consulting.com\/wp-content\/uploads\/2025\/11\/vision2_img.png&#8221; front_desc_spacing=&#8221;10px&#8221; back_desc_spacing=&#8221;10px&#8221; main_height_tablet=&#8221;380px&#8221; main_height_phone=&#8221;300px&#8221; main_height_last_edited=&#8221;on|phone&#8221; _builder_version=&#8221;4.27.4&#8243; _module_preset=&#8221;default&#8221; front_title_font_size=&#8221;1.5rem&#8221; front_description_font_size=&#8221;1rem&#8221; back_title_text_color=&#8221;#ffffff&#8221; back_title_font_size=&#8221;11px&#8221; back_title_line_height=&#8221;1.3em&#8221; back_description_text_color=&#8221;#2D2927&#8243; back_description_font_size=&#8221;15px&#8221; background_enable_image=&#8221;off&#8221; width=&#8221;480px&#8221; width_tablet=&#8221;380px&#8221; width_phone=&#8221;300px&#8221; width_last_edited=&#8221;on|tablet&#8221; module_alignment=&#8221;center&#8221; min_height=&#8221;480px&#8221; min_height_tablet=&#8221;480px&#8221; min_height_phone=&#8221;300px&#8221; min_height_last_edited=&#8221;on|phone&#8221; height=&#8221;480px&#8221; height_tablet=&#8221;480px&#8221; height_phone=&#8221;300px&#8221; height_last_edited=&#8221;on|phone&#8221; max_height=&#8221;480px&#8221; max_height_tablet=&#8221;480px&#8221; max_height_phone=&#8221;300px&#8221; max_height_last_edited=&#8221;on|phone&#8221; custom_margin=&#8221;0px|0px|0px|0px|true|true&#8221; custom_padding=&#8221;|0px|0px|0px|false|true&#8221; back_description_font_size_tablet=&#8221;13px&#8221; back_description_font_size_phone=&#8221;11px&#8221; back_description_font_size_last_edited=&#8221;on|tablet&#8221; back_description_line_height_tablet=&#8221;&#8221; back_description_line_height_phone=&#8221;1.5em&#8221; back_description_line_height_last_edited=&#8221;on|phone&#8221; custom_css_back_desc=&#8221;||||&#8221; border_radii_card=&#8221;on|100%|100%|100%|100%&#8221; border_width_all_card=&#8221;3px&#8221; border_color_all_card=&#8221;#00C072&#8243; border_radii_front_media=&#8221;on|300%|300%|300%|300%&#8221; border_radii_back_media=&#8221;on|100px|100px|100px|100px&#8221; global_colors_info=&#8221;{}&#8221;][\/ba_flipbox][\/et_pb_column][\/et_pb_row][\/et_pb_section]<\/p>\n","protected":false},"excerpt":{"rendered":"<p>Mission And vision<span><span><a href=\"https:\/\/sotec-consulting.com\/en\/\">Home<\/a><\/span><\/span>Mission<div class=\"et_pb_module ba_flipbox ba_flipbox_0\">\n\t\t\t\t\n\t\t\t\t\n\t\t\t\t\n\t\t\t\t\n\t\t\t\t\n\t\t\t\t\n\t\t\t\t<div class=\"et_pb_module_inner\">\n\t\t\t\t\t<div class=\"dtq-module dtq-flipbox dtq-flipbox--flip dtq-flip-right\">\n                <div class=\"dtq-flipbox-inner\">\n\t\t\t\t\t<div class=\"dtq-flipbox-card-container\">\n\t\t\t\t\t\t<div class=\"dtq-flipbox-front-card dtq-flipbox-card\">\n\t\t\t\t\t\t\t<div class=\"dtq-flipbox-card-inner\">\n\t\t\t\t\t\t\t\t<div class=\"dtq-flipbox-front-content dtq-flipbox-content\">\n\t\t\t\t\t\t\t\t\t<div class=\"dtq-flipbox-figure-front\">\n\t\t\t\t\t\n\t\t\t\t<\/div>\n\t\t\t\t\t\t\t\t\t<div class=\"dtq-flipbox-content-wrap\">\n\t\t\t\t\t\t\t\t\t\t\n\t\t\t\t\t\t\t\t\t\t\n\t\t\t\t\t\t\t\t\t\t\n\t\t\t\t\t\t\t\t\t<\/div>\n\t\t\t\t\t\t\t\t<\/div>\n\t\t\t\t\t\t\t<\/div>\n\t\t\t\t\t\t<\/div>\n\t\t\t\t\t\t<div class=\"dtq-flipbox-back-card dtq-flipbox-card\">\n\t\t\t\t\t\t\t<div class=\"dtq-flipbox-card-inner\">\n\t\t\t\t\t\t\t\t<div class=\"dtq-flipbox-back-content dtq-flipbox-content\">\n\t\t\t\t\t\t\t\t\t<div class=\"dtq-flipbox-figure-back\">\n\t\t\t\t\t\n\t\t\t\t<\/div>\n\t\t\t\t\t\t\t\t\t<div class=\"dtq-flipbox-content-wrap\">\n\t\t\t\t\t\t\t\t\t\t\n\t\t\t\t\t\t\t\t\t\t\n\t\t\t\t\t\t\t\t\t\t<div class=\"dtq-flipbox-desc-back\">&#8221;Poner<\/div>\n\t\t\t\t\t\t\t\t\t\t\n\t\t\t\t\t\t\t\t\t<\/div>\n\t\t\t\t\t\t\t\t<\/div>\n\t\t\t\t\t\t\t<\/div>\n\t\t\t\t\t\t<\/div>\n\t\t\t\t\t\t<div class=\"dtq-flank\"><\/div>\n\t\t\t\t\t<\/div>\n\t\t\t\t<\/div>\n            <\/div>\n\t\t\t\t<\/div>\n\t\t\t<\/div><\/p>\n","protected":false},"author":29,"featured_media":0,"parent":0,"menu_order":0,"comment_status":"closed","ping_status":"closed","template":"","meta":{"_et_pb_use_builder":"on","_et_pb_old_content":"","_et_gb_content_width":"","inline_featured_image":false,"footnotes":""},"class_list":["post-52009","page","type-page","status-publish","hentry"],"yoast_head":"<!-- This site is optimized with the Yoast SEO plugin v27.5 - https:\/\/yoast.com\/product\/yoast-seo-wordpress\/ -->\n<title>Mission and Vision - Sotec<\/title>\n<meta name=\"description\" content=\"Sotec Consulting leverages technology to drive digital transformation with integrity, innovation and human talent.\" \/>\n<meta name=\"robots\" content=\"index, follow, max-snippet:-1, max-image-preview:large, max-video-preview:-1\" \/>\n<link rel=\"canonical\" href=\"https:\/\/sotec-consulting.com\/en\/mission-and-vision\/\" \/>\n<meta property=\"og:locale\" content=\"en_US\" \/>\n<meta property=\"og:type\" content=\"article\" \/>\n<meta property=\"og:title\" content=\"Mission and Vision - Sotec\" \/>\n<meta property=\"og:description\" content=\"Sotec Consulting leverages technology to drive digital transformation with integrity, innovation and human talent.\" \/>\n<meta property=\"og:url\" content=\"https:\/\/sotec-consulting.com\/en\/mission-and-vision\/\" \/>\n<meta property=\"og:site_name\" content=\"Sotec\" \/>\n<meta property=\"article:modified_time\" content=\"2025-12-01T13:40:09+00:00\" \/>\n<meta property=\"og:image\" content=\"https:\/\/sotec-consulting.com\/wp-content\/uploads\/2025\/11\/logo_sotec_horizonta.png\" \/>\n\t<meta property=\"og:image:width\" content=\"2423\" \/>\n\t<meta property=\"og:image:height\" content=\"1080\" \/>\n\t<meta property=\"og:image:type\" content=\"image\/png\" \/>\n<meta name=\"twitter:card\" content=\"summary_large_image\" \/>\n<meta name=\"twitter:label1\" content=\"Est. reading time\" \/>\n\t<meta name=\"twitter:data1\" content=\"1 minute\" \/>\n<script type=\"application\/ld+json\" class=\"yoast-schema-graph\">{\"@context\":\"https:\\\/\\\/schema.org\",\"@graph\":[{\"@type\":\"WebPage\",\"@id\":\"https:\\\/\\\/sotec-consulting.com\\\/en\\\/mission-and-vision\\\/\",\"url\":\"https:\\\/\\\/sotec-consulting.com\\\/en\\\/mission-and-vision\\\/\",\"name\":\"Mission and Vision - Sotec\",\"isPartOf\":{\"@id\":\"https:\\\/\\\/sotec-consulting.com\\\/en\\\/#website\"},\"datePublished\":\"2025-11-06T13:40:17+00:00\",\"dateModified\":\"2025-12-01T13:40:09+00:00\",\"description\":\"Sotec Consulting leverages technology to drive digital transformation with integrity, innovation and human talent.\",\"breadcrumb\":{\"@id\":\"https:\\\/\\\/sotec-consulting.com\\\/en\\\/mission-and-vision\\\/#breadcrumb\"},\"inLanguage\":\"en-US\",\"potentialAction\":[{\"@type\":\"ReadAction\",\"target\":[\"https:\\\/\\\/sotec-consulting.com\\\/en\\\/mission-and-vision\\\/\"]}]},{\"@type\":\"BreadcrumbList\",\"@id\":\"https:\\\/\\\/sotec-consulting.com\\\/en\\\/mission-and-vision\\\/#breadcrumb\",\"itemListElement\":[{\"@type\":\"ListItem\",\"position\":1,\"name\":\"Home\",\"item\":\"https:\\\/\\\/sotec-consulting.com\\\/en\\\/\"},{\"@type\":\"ListItem\",\"position\":2,\"name\":\"Mission and Vision\"}]},{\"@type\":\"WebSite\",\"@id\":\"https:\\\/\\\/sotec-consulting.com\\\/en\\\/#website\",\"url\":\"https:\\\/\\\/sotec-consulting.com\\\/en\\\/\",\"name\":\"Sotec\",\"description\":\"Sotec\",\"publisher\":{\"@id\":\"https:\\\/\\\/sotec-consulting.com\\\/en\\\/#organization\"},\"potentialAction\":[{\"@type\":\"SearchAction\",\"target\":{\"@type\":\"EntryPoint\",\"urlTemplate\":\"https:\\\/\\\/sotec-consulting.com\\\/en\\\/?s={search_term_string}\"},\"query-input\":{\"@type\":\"PropertyValueSpecification\",\"valueRequired\":true,\"valueName\":\"search_term_string\"}}],\"inLanguage\":\"en-US\"},{\"@type\":\"Organization\",\"@id\":\"https:\\\/\\\/sotec-consulting.com\\\/en\\\/#organization\",\"name\":\"Sotec\",\"alternateName\":\"Sotec\",\"url\":\"https:\\\/\\\/sotec-consulting.com\\\/en\\\/\",\"logo\":{\"@type\":\"ImageObject\",\"inLanguage\":\"en-US\",\"@id\":\"https:\\\/\\\/sotec-consulting.com\\\/en\\\/#\\\/schema\\\/logo\\\/image\\\/\",\"url\":\"https:\\\/\\\/sotec-consulting.com\\\/wp-content\\\/uploads\\\/2025\\\/11\\\/logo_sotec_horizonta.png\",\"contentUrl\":\"https:\\\/\\\/sotec-consulting.com\\\/wp-content\\\/uploads\\\/2025\\\/11\\\/logo_sotec_horizonta.png\",\"width\":2423,\"height\":1080,\"caption\":\"Sotec\"},\"image\":{\"@id\":\"https:\\\/\\\/sotec-consulting.com\\\/en\\\/#\\\/schema\\\/logo\\\/image\\\/\"}}]}<\/script>\n<!-- \/ Yoast SEO plugin. -->","yoast_head_json":{"title":"Mission and Vision - Sotec","description":"Sotec Consulting leverages technology to drive digital transformation with integrity, innovation and human talent.","robots":{"index":"index","follow":"follow","max-snippet":"max-snippet:-1","max-image-preview":"max-image-preview:large","max-video-preview":"max-video-preview:-1"},"canonical":"https:\/\/sotec-consulting.com\/en\/mission-and-vision\/","og_locale":"en_US","og_type":"article","og_title":"Mission and Vision - Sotec","og_description":"Sotec Consulting leverages technology to drive digital transformation with integrity, innovation and human talent.","og_url":"https:\/\/sotec-consulting.com\/en\/mission-and-vision\/","og_site_name":"Sotec","article_modified_time":"2025-12-01T13:40:09+00:00","og_image":[{"width":2423,"height":1080,"url":"https:\/\/sotec-consulting.com\/wp-content\/uploads\/2025\/11\/logo_sotec_horizonta.png","type":"image\/png"}],"twitter_card":"summary_large_image","twitter_misc":{"Est. reading time":"1 minute"},"schema":{"@context":"https:\/\/schema.org","@graph":[{"@type":"WebPage","@id":"https:\/\/sotec-consulting.com\/en\/mission-and-vision\/","url":"https:\/\/sotec-consulting.com\/en\/mission-and-vision\/","name":"Mission and Vision - Sotec","isPartOf":{"@id":"https:\/\/sotec-consulting.com\/en\/#website"},"datePublished":"2025-11-06T13:40:17+00:00","dateModified":"2025-12-01T13:40:09+00:00","description":"Sotec Consulting leverages technology to drive digital transformation with integrity, innovation and human talent.","breadcrumb":{"@id":"https:\/\/sotec-consulting.com\/en\/mission-and-vision\/#breadcrumb"},"inLanguage":"en-US","potentialAction":[{"@type":"ReadAction","target":["https:\/\/sotec-consulting.com\/en\/mission-and-vision\/"]}]},{"@type":"BreadcrumbList","@id":"https:\/\/sotec-consulting.com\/en\/mission-and-vision\/#breadcrumb","itemListElement":[{"@type":"ListItem","position":1,"name":"Home","item":"https:\/\/sotec-consulting.com\/en\/"},{"@type":"ListItem","position":2,"name":"Mission and Vision"}]},{"@type":"WebSite","@id":"https:\/\/sotec-consulting.com\/en\/#website","url":"https:\/\/sotec-consulting.com\/en\/","name":"Sotec","description":"Sotec","publisher":{"@id":"https:\/\/sotec-consulting.com\/en\/#organization"},"potentialAction":[{"@type":"SearchAction","target":{"@type":"EntryPoint","urlTemplate":"https:\/\/sotec-consulting.com\/en\/?s={search_term_string}"},"query-input":{"@type":"PropertyValueSpecification","valueRequired":true,"valueName":"search_term_string"}}],"inLanguage":"en-US"},{"@type":"Organization","@id":"https:\/\/sotec-consulting.com\/en\/#organization","name":"Sotec","alternateName":"Sotec","url":"https:\/\/sotec-consulting.com\/en\/","logo":{"@type":"ImageObject","inLanguage":"en-US","@id":"https:\/\/sotec-consulting.com\/en\/#\/schema\/logo\/image\/","url":"https:\/\/sotec-consulting.com\/wp-content\/uploads\/2025\/11\/logo_sotec_horizonta.png","contentUrl":"https:\/\/sotec-consulting.com\/wp-content\/uploads\/2025\/11\/logo_sotec_horizonta.png","width":2423,"height":1080,"caption":"Sotec"},"image":{"@id":"https:\/\/sotec-consulting.com\/en\/#\/schema\/logo\/image\/"}}]}},"_links":{"self":[{"href":"https:\/\/sotec-consulting.com\/en\/wp-json\/wp\/v2\/pages\/52009","targetHints":{"allow":["GET"]}}],"collection":[{"href":"https:\/\/sotec-consulting.com\/en\/wp-json\/wp\/v2\/pages"}],"about":[{"href":"https:\/\/sotec-consulting.com\/en\/wp-json\/wp\/v2\/types\/page"}],"author":[{"embeddable":true,"href":"https:\/\/sotec-consulting.com\/en\/wp-json\/wp\/v2\/users\/29"}],"replies":[{"embeddable":true,"href":"https:\/\/sotec-consulting.com\/en\/wp-json\/wp\/v2\/comments?post=52009"}],"version-history":[{"count":0,"href":"https:\/\/sotec-consulting.com\/en\/wp-json\/wp\/v2\/pages\/52009\/revisions"}],"wp:attachment":[{"href":"https:\/\/sotec-consulting.com\/en\/wp-json\/wp\/v2\/media?parent=52009"}],"curies":[{"name":"wp","href":"https:\/\/api.w.org\/{rel}","templated":true}]}}