{"id":52063,"date":"2025-11-06T17:41:34","date_gmt":"2025-11-06T15:41:34","guid":{"rendered":"https:\/\/sotecdev.wpenginepowered.com\/certificaciones\/"},"modified":"2025-12-01T15:54:57","modified_gmt":"2025-12-01T13:54:57","slug":"certifications","status":"publish","type":"page","link":"https:\/\/sotec-consulting.com\/en\/certifications\/","title":{"rendered":"Certifications"},"content":{"rendered":"<p>[et_pb_section fb_built=&#8221;1&#8243; _builder_version=&#8221;4.27.4&#8243; _module_preset=&#8221;default&#8221; background_color=&#8221;#e5e5e5&#8243; background_image=&#8221;https:\/\/sotec-consulting.com\/wp-content\/uploads\/2025\/12\/certificaciones.webp&#8221; height=&#8221;50vh&#8221; da_disable_devices=&#8221;off|off|off&#8221; locked=&#8221;off&#8221; global_colors_info=&#8221;{}&#8221; da_is_popup=&#8221;off&#8221; da_exit_intent=&#8221;off&#8221; da_has_close=&#8221;on&#8221; da_alt_close=&#8221;off&#8221; da_dark_close=&#8221;off&#8221; da_not_modal=&#8221;on&#8221; da_is_singular=&#8221;off&#8221; da_with_loader=&#8221;off&#8221; da_has_shadow=&#8221;on&#8221;][et_pb_row _builder_version=&#8221;4.27.4&#8243; _module_preset=&#8221;default&#8221; background_color=&#8221;#FFFFFF&#8221; positioning=&#8221;absolute&#8221; position_origin_a=&#8221;bottom_right&#8221; width=&#8221;35.7%&#8221; width_tablet=&#8221;100%&#8221; width_phone=&#8221;100%&#8221; width_last_edited=&#8221;on|tablet&#8221; global_colors_info=&#8221;{}&#8221;][et_pb_column type=&#8221;4_4&#8243; _builder_version=&#8221;4.27.4&#8243; _module_preset=&#8221;default&#8221; global_colors_info=&#8221;{}&#8221;][et_pb_text _builder_version=&#8221;4.27.4&#8243; _module_preset=&#8221;default&#8221; header_font=&#8221;Big Shoulders Display|||on|||||&#8221; header_text_align=&#8221;center&#8221; header_font_size=&#8221;90px&#8221; hover_enabled=&#8221;0&#8243; header_font_size_tablet=&#8221;90px&#8221; header_font_size_phone=&#8221;48px&#8221; header_font_size_last_edited=&#8221;on|phone&#8221; global_colors_info=&#8221;{}&#8221; sticky_enabled=&#8221;0&#8243;]<\/p>\n<h1><span style=\"color: #00c072;\">Certifications<\/span><\/h1>\n<p>[\/et_pb_text][\/et_pb_column][\/et_pb_row][\/et_pb_section][et_pb_section fb_built=&#8221;1&#8243; _builder_version=&#8221;4.27.4&#8243; _module_preset=&#8221;default&#8221; custom_margin=&#8221;0px||||false|false&#8221; custom_padding=&#8221;0px||||false|false&#8221; global_colors_info=&#8221;{}&#8221; da_is_popup=&#8221;off&#8221; da_exit_intent=&#8221;off&#8221; da_has_close=&#8221;on&#8221; da_alt_close=&#8221;off&#8221; da_dark_close=&#8221;off&#8221; da_not_modal=&#8221;on&#8221; da_is_singular=&#8221;off&#8221; da_with_loader=&#8221;off&#8221; da_has_shadow=&#8221;on&#8221; da_disable_devices=&#8221;off|off|off&#8221;][et_pb_row _builder_version=&#8221;4.27.4&#8243; _module_preset=&#8221;default&#8221; custom_padding=&#8221;10px||||false|false&#8221; locked=&#8221;off&#8221; global_colors_info=&#8221;{}&#8221;][et_pb_column type=&#8221;4_4&#8243; _builder_version=&#8221;4.27.4&#8243; _module_preset=&#8221;default&#8221; global_colors_info=&#8221;{}&#8221;][et_pb_code _builder_version=&#8221;4.27.4&#8243; _module_preset=&#8221;default&#8221; global_colors_info=&#8221;{}&#8221;]<span><span><a href=\"https:\/\/sotec-consulting.com\/en\/\">Home<\/a><\/span><\/span>[\/et_pb_code][\/et_pb_column][\/et_pb_row][et_pb_row column_structure=&#8221;1_3,1_3,1_3&#8243; _builder_version=&#8221;4.27.4&#8243; _module_preset=&#8221;default&#8221; custom_padding=&#8221;||0px||false|false&#8221; global_colors_info=&#8221;{}&#8221;][et_pb_column type=&#8221;1_3&#8243; _builder_version=&#8221;4.27.4&#8243; _module_preset=&#8221;default&#8221; global_colors_info=&#8221;{}&#8221;][et_pb_text _builder_version=&#8221;4.27.4&#8243; _module_preset=&#8221;default&#8221; text_orientation=&#8221;center&#8221; custom_margin=&#8221;||0px||false|false&#8221; custom_padding=&#8221;||0px||false|false&#8221; global_colors_info=&#8221;{}&#8221;]<\/p>\n<h2><strong>ISO 9001<\/strong><\/h2>\n<p><strong>Quality Management System<\/strong><\/p>\n<p>[\/et_pb_text][et_pb_image src=&#8221;https:\/\/sotec-consulting.com\/wp-content\/uploads\/2025\/11\/iso_sgc.png&#8221; title_text=&#8221;iso_sgc&#8221; show_bottom_space=&#8221;off&#8221; align=&#8221;center&#8221; _builder_version=&#8221;4.27.4&#8243; _module_preset=&#8221;default&#8221; height=&#8221;170px&#8221; global_colors_info=&#8221;{}&#8221;][\/et_pb_image][et_pb_text _builder_version=&#8221;4.27.4&#8243; _module_preset=&#8221;default&#8221; text_orientation=&#8221;center&#8221; global_colors_info=&#8221;{}&#8221;]<\/p>\n<p><span>This international standard verifies our orientation to customer satisfaction, our quality management of processes and our approach to continuous improvement.<\/span><\/p>\n<p>[\/et_pb_text][\/et_pb_column][et_pb_column type=&#8221;1_3&#8243; _builder_version=&#8221;4.27.4&#8243; _module_preset=&#8221;default&#8221; global_colors_info=&#8221;{}&#8221;][et_pb_text _builder_version=&#8221;4.27.4&#8243; _module_preset=&#8221;default&#8221; text_orientation=&#8221;center&#8221; custom_margin=&#8221;||0px||false|false&#8221; custom_padding=&#8221;||0px||false|false&#8221; global_colors_info=&#8221;{}&#8221;]<\/p>\n<h2><strong>ISO 14001<\/strong><\/h2>\n<p><strong>Environmental Management System<\/strong><\/p>\n<p>[\/et_pb_text][et_pb_image src=&#8221;https:\/\/sotec-consulting.com\/wp-content\/uploads\/2025\/11\/iso_gm.png&#8221; title_text=&#8221;iso_gm&#8221; show_bottom_space=&#8221;off&#8221; align=&#8221;center&#8221; _builder_version=&#8221;4.27.4&#8243; _module_preset=&#8221;default&#8221; height=&#8221;170px&#8221; global_colors_info=&#8221;{}&#8221;][\/et_pb_image][et_pb_text _builder_version=&#8221;4.27.4&#8243; _module_preset=&#8221;default&#8221; text_orientation=&#8221;center&#8221; global_colors_info=&#8221;{}&#8221;]<\/p>\n<p><span>It guarantees that we comply with all environmental regulations and that our activity is carried out following the principles of continuous improvement and environmental protection.<\/span><\/p>\n<p>[\/et_pb_text][\/et_pb_column][et_pb_column type=&#8221;1_3&#8243; _builder_version=&#8221;4.27.4&#8243; _module_preset=&#8221;default&#8221; global_colors_info=&#8221;{}&#8221;][et_pb_text _builder_version=&#8221;4.27.4&#8243; _module_preset=&#8221;default&#8221; text_orientation=&#8221;center&#8221; custom_margin=&#8221;||0px||false|false&#8221; custom_padding=&#8221;||0px||false|false&#8221; global_colors_info=&#8221;{}&#8221;]<\/p>\n<h2><strong>ISO 27001<\/strong><\/h2>\n<p><strong>Information Management Security System<\/strong><\/p>\n<p>[\/et_pb_text][et_pb_image src=&#8221;https:\/\/sotec-consulting.com\/wp-content\/uploads\/2025\/11\/iso_gsi.png&#8221; title_text=&#8221;iso_gsi&#8221; show_bottom_space=&#8221;off&#8221; align=&#8221;center&#8221; _builder_version=&#8221;4.27.4&#8243; _module_preset=&#8221;default&#8221; height=&#8221;170px&#8221; global_colors_info=&#8221;{}&#8221;][\/et_pb_image][et_pb_text _builder_version=&#8221;4.27.4&#8243; _module_preset=&#8221;default&#8221; text_orientation=&#8221;center&#8221; custom_margin=&#8221;||||false|false&#8221; global_colors_info=&#8221;{}&#8221;]<\/p>\n<p><span>Values the information security management system to guarantee our customers the security in the provision of operational services, technical systems and IT management.<\/span><\/p>\n<p>[\/et_pb_text][\/et_pb_column][\/et_pb_row][et_pb_row _builder_version=&#8221;4.27.4&#8243; _module_preset=&#8221;default&#8221; custom_padding=&#8221;0px||||false|false&#8221; global_colors_info=&#8221;{}&#8221;][et_pb_column type=&#8221;4_4&#8243; _builder_version=&#8221;4.27.4&#8243; _module_preset=&#8221;default&#8221; global_colors_info=&#8221;{}&#8221;][et_pb_text _builder_version=&#8221;4.27.4&#8243; _module_preset=&#8221;default&#8221; global_colors_info=&#8221;{}&#8221;]<\/p>\n<p><strong>Alcance ISO&#8217;s 9001, 27001, 14001<\/strong><span>&gt;<\/span><\/p>\n<div class=\"col-xs-12\" id=\"_paddingBottom\">Consultor\u00eda, desarrollo, implantaci\u00f3n, integraci\u00f3n y mantenimiento de\u00a0proyectos de tecnolog\u00eda de la informaci\u00f3n, a trav\u00e9s\u00a0de las diferentes \u00e1reas de asistencia t\u00e9cnica, servicios gestionados, proyectos cerrados y formaci\u00f3n.<\/div>\n<p>[\/et_pb_text][\/et_pb_column][\/et_pb_row][et_pb_row column_structure=&#8221;1_2,1_2&#8243; _builder_version=&#8221;4.27.4&#8243; _module_preset=&#8221;default&#8221; global_colors_info=&#8221;{}&#8221;][et_pb_column type=&#8221;1_2&#8243; _builder_version=&#8221;4.27.4&#8243; _module_preset=&#8221;default&#8221; global_colors_info=&#8221;{}&#8221;][et_pb_text _builder_version=&#8221;4.27.4&#8243; _module_preset=&#8221;default&#8221; text_orientation=&#8221;center&#8221; custom_padding=&#8221;||||false|false&#8221; global_colors_info=&#8221;{}&#8221;]<\/p>\n<h2><strong>ISO IEC15504 SPICE<\/strong><\/h2>\n<p>[\/et_pb_text][et_pb_image src=&#8221;https:\/\/sotec-consulting.com\/wp-content\/uploads\/2025\/11\/iso_spice.png&#8221; title_text=&#8221;iso_spice&#8221; align=&#8221;center&#8221; _builder_version=&#8221;4.27.4&#8243; _module_preset=&#8221;default&#8221; height=&#8221;170px&#8221; global_colors_info=&#8221;{}&#8221;][\/et_pb_image][et_pb_text _builder_version=&#8221;4.27.4&#8243; _module_preset=&#8221;default&#8221; text_orientation=&#8221;center&#8221; global_colors_info=&#8221;{}&#8221;]<\/p>\n<p><span>It accredits the quality of software development in all the processes we carry out.<\/span><\/p>\n<p>[\/et_pb_text][\/et_pb_column][et_pb_column type=&#8221;1_2&#8243; _builder_version=&#8221;4.27.4&#8243; _module_preset=&#8221;default&#8221; global_colors_info=&#8221;{}&#8221;][et_pb_text _builder_version=&#8221;4.27.4&#8243; _module_preset=&#8221;default&#8221; text_orientation=&#8221;center&#8221; custom_padding=&#8221;||||false|false&#8221; global_colors_info=&#8221;{}&#8221;]<\/p>\n<h2><strong>Sello Pyme Innovadora<\/strong><\/h2>\n<p>[\/et_pb_text][et_pb_image src=&#8221;https:\/\/sotec-consulting.com\/wp-content\/uploads\/2025\/11\/iso_pyme.png&#8221; title_text=&#8221;iso_pyme&#8221; align=&#8221;center&#8221; _builder_version=&#8221;4.27.4&#8243; _module_preset=&#8221;default&#8221; height=&#8221;170px&#8221; global_colors_info=&#8221;{}&#8221;][\/et_pb_image][et_pb_text _builder_version=&#8221;4.27.4&#8243; _module_preset=&#8221;default&#8221; text_orientation=&#8221;center&#8221; global_colors_info=&#8221;{}&#8221;]<\/p>\n<p><span>To receive this mention supposes for our company the official recognition to a work of technological development.<\/span><\/p>\n<p>[\/et_pb_text][\/et_pb_column][\/et_pb_row][\/et_pb_section]<\/p>\n","protected":false},"excerpt":{"rendered":"<p>Certifications<span><span><a href=\"https:\/\/sotec-consulting.com\/en\/\">Home<\/a><\/span><\/span>ISO 9001 Quality Management SystemThis international standard verifies our orientation to customer satisfaction, our quality management of processes and our approach to continuous improvement.ISO 14001 Environmental Management SystemIt guarantees that we comply with all environmental regulations and that our activity is carried out following the principles of continuous improvement and environmental protection.ISO 27001 Information Management [&hellip;]<\/p>\n","protected":false},"author":29,"featured_media":0,"parent":0,"menu_order":0,"comment_status":"closed","ping_status":"closed","template":"","meta":{"_et_pb_use_builder":"on","_et_pb_old_content":"","_et_gb_content_width":"","inline_featured_image":false,"footnotes":""},"class_list":["post-52063","page","type-page","status-publish","hentry"],"yoast_head":"<!-- This site is optimized with the Yoast SEO plugin v27.3 - https:\/\/yoast.com\/product\/yoast-seo-wordpress\/ -->\n<title>Certifications - Sotec<\/title>\n<meta name=\"description\" content=\"Sotec Consulting cuenta con certificaciones ISO 9001, ISO 14001, ISO 27001 y SPICE \/ IEC 15504 para garantizar calidad, seguridad y desarrollo\" \/>\n<meta name=\"robots\" content=\"index, follow, max-snippet:-1, max-image-preview:large, max-video-preview:-1\" \/>\n<link rel=\"canonical\" href=\"https:\/\/sotec-consulting.com\/en\/certifications\/\" \/>\n<meta property=\"og:locale\" content=\"en_US\" \/>\n<meta property=\"og:type\" content=\"article\" \/>\n<meta property=\"og:title\" content=\"Certifications - Sotec\" \/>\n<meta property=\"og:description\" content=\"Sotec Consulting cuenta con certificaciones ISO 9001, ISO 14001, ISO 27001 y SPICE \/ IEC 15504 para garantizar calidad, seguridad y desarrollo\" \/>\n<meta property=\"og:url\" content=\"https:\/\/sotec-consulting.com\/en\/certifications\/\" \/>\n<meta property=\"og:site_name\" content=\"Sotec\" \/>\n<meta property=\"article:modified_time\" content=\"2025-12-01T13:54:57+00:00\" \/>\n<meta property=\"og:image\" content=\"https:\/\/sotec-consulting.com\/wp-content\/uploads\/2025\/11\/logo_sotec_horizonta.png\" \/>\n\t<meta property=\"og:image:width\" content=\"2423\" \/>\n\t<meta property=\"og:image:height\" content=\"1080\" \/>\n\t<meta property=\"og:image:type\" content=\"image\/png\" \/>\n<meta name=\"twitter:card\" content=\"summary_large_image\" \/>\n<meta name=\"twitter:label1\" content=\"Est. reading time\" \/>\n\t<meta name=\"twitter:data1\" content=\"3 minutes\" \/>\n<script type=\"application\/ld+json\" class=\"yoast-schema-graph\">{\"@context\":\"https:\\\/\\\/schema.org\",\"@graph\":[{\"@type\":\"WebPage\",\"@id\":\"https:\\\/\\\/sotec-consulting.com\\\/en\\\/certifications\\\/\",\"url\":\"https:\\\/\\\/sotec-consulting.com\\\/en\\\/certifications\\\/\",\"name\":\"Certifications - Sotec\",\"isPartOf\":{\"@id\":\"https:\\\/\\\/sotec-consulting.com\\\/en\\\/#website\"},\"datePublished\":\"2025-11-06T15:41:34+00:00\",\"dateModified\":\"2025-12-01T13:54:57+00:00\",\"description\":\"Sotec Consulting cuenta con certificaciones ISO 9001, ISO 14001, ISO 27001 y SPICE \\\/ IEC 15504 para garantizar calidad, seguridad y desarrollo\",\"breadcrumb\":{\"@id\":\"https:\\\/\\\/sotec-consulting.com\\\/en\\\/certifications\\\/#breadcrumb\"},\"inLanguage\":\"en-US\",\"potentialAction\":[{\"@type\":\"ReadAction\",\"target\":[\"https:\\\/\\\/sotec-consulting.com\\\/en\\\/certifications\\\/\"]}]},{\"@type\":\"BreadcrumbList\",\"@id\":\"https:\\\/\\\/sotec-consulting.com\\\/en\\\/certifications\\\/#breadcrumb\",\"itemListElement\":[{\"@type\":\"ListItem\",\"position\":1,\"name\":\"Home\",\"item\":\"https:\\\/\\\/sotec-consulting.com\\\/en\\\/\"},{\"@type\":\"ListItem\",\"position\":2,\"name\":\"Certifications\"}]},{\"@type\":\"WebSite\",\"@id\":\"https:\\\/\\\/sotec-consulting.com\\\/en\\\/#website\",\"url\":\"https:\\\/\\\/sotec-consulting.com\\\/en\\\/\",\"name\":\"Sotec\",\"description\":\"Sotec\",\"publisher\":{\"@id\":\"https:\\\/\\\/sotec-consulting.com\\\/en\\\/#organization\"},\"potentialAction\":[{\"@type\":\"SearchAction\",\"target\":{\"@type\":\"EntryPoint\",\"urlTemplate\":\"https:\\\/\\\/sotec-consulting.com\\\/en\\\/?s={search_term_string}\"},\"query-input\":{\"@type\":\"PropertyValueSpecification\",\"valueRequired\":true,\"valueName\":\"search_term_string\"}}],\"inLanguage\":\"en-US\"},{\"@type\":\"Organization\",\"@id\":\"https:\\\/\\\/sotec-consulting.com\\\/en\\\/#organization\",\"name\":\"Sotec\",\"alternateName\":\"Sotec\",\"url\":\"https:\\\/\\\/sotec-consulting.com\\\/en\\\/\",\"logo\":{\"@type\":\"ImageObject\",\"inLanguage\":\"en-US\",\"@id\":\"https:\\\/\\\/sotec-consulting.com\\\/en\\\/#\\\/schema\\\/logo\\\/image\\\/\",\"url\":\"https:\\\/\\\/sotec-consulting.com\\\/wp-content\\\/uploads\\\/2025\\\/11\\\/logo_sotec_horizonta.png\",\"contentUrl\":\"https:\\\/\\\/sotec-consulting.com\\\/wp-content\\\/uploads\\\/2025\\\/11\\\/logo_sotec_horizonta.png\",\"width\":2423,\"height\":1080,\"caption\":\"Sotec\"},\"image\":{\"@id\":\"https:\\\/\\\/sotec-consulting.com\\\/en\\\/#\\\/schema\\\/logo\\\/image\\\/\"}}]}<\/script>\n<!-- \/ Yoast SEO plugin. -->","yoast_head_json":{"title":"Certifications - Sotec","description":"Sotec Consulting cuenta con certificaciones ISO 9001, ISO 14001, ISO 27001 y SPICE \/ IEC 15504 para garantizar calidad, seguridad y desarrollo","robots":{"index":"index","follow":"follow","max-snippet":"max-snippet:-1","max-image-preview":"max-image-preview:large","max-video-preview":"max-video-preview:-1"},"canonical":"https:\/\/sotec-consulting.com\/en\/certifications\/","og_locale":"en_US","og_type":"article","og_title":"Certifications - Sotec","og_description":"Sotec Consulting cuenta con certificaciones ISO 9001, ISO 14001, ISO 27001 y SPICE \/ IEC 15504 para garantizar calidad, seguridad y desarrollo","og_url":"https:\/\/sotec-consulting.com\/en\/certifications\/","og_site_name":"Sotec","article_modified_time":"2025-12-01T13:54:57+00:00","og_image":[{"width":2423,"height":1080,"url":"https:\/\/sotec-consulting.com\/wp-content\/uploads\/2025\/11\/logo_sotec_horizonta.png","type":"image\/png"}],"twitter_card":"summary_large_image","twitter_misc":{"Est. reading time":"3 minutes"},"schema":{"@context":"https:\/\/schema.org","@graph":[{"@type":"WebPage","@id":"https:\/\/sotec-consulting.com\/en\/certifications\/","url":"https:\/\/sotec-consulting.com\/en\/certifications\/","name":"Certifications - Sotec","isPartOf":{"@id":"https:\/\/sotec-consulting.com\/en\/#website"},"datePublished":"2025-11-06T15:41:34+00:00","dateModified":"2025-12-01T13:54:57+00:00","description":"Sotec Consulting cuenta con certificaciones ISO 9001, ISO 14001, ISO 27001 y SPICE \/ IEC 15504 para garantizar calidad, seguridad y desarrollo","breadcrumb":{"@id":"https:\/\/sotec-consulting.com\/en\/certifications\/#breadcrumb"},"inLanguage":"en-US","potentialAction":[{"@type":"ReadAction","target":["https:\/\/sotec-consulting.com\/en\/certifications\/"]}]},{"@type":"BreadcrumbList","@id":"https:\/\/sotec-consulting.com\/en\/certifications\/#breadcrumb","itemListElement":[{"@type":"ListItem","position":1,"name":"Home","item":"https:\/\/sotec-consulting.com\/en\/"},{"@type":"ListItem","position":2,"name":"Certifications"}]},{"@type":"WebSite","@id":"https:\/\/sotec-consulting.com\/en\/#website","url":"https:\/\/sotec-consulting.com\/en\/","name":"Sotec","description":"Sotec","publisher":{"@id":"https:\/\/sotec-consulting.com\/en\/#organization"},"potentialAction":[{"@type":"SearchAction","target":{"@type":"EntryPoint","urlTemplate":"https:\/\/sotec-consulting.com\/en\/?s={search_term_string}"},"query-input":{"@type":"PropertyValueSpecification","valueRequired":true,"valueName":"search_term_string"}}],"inLanguage":"en-US"},{"@type":"Organization","@id":"https:\/\/sotec-consulting.com\/en\/#organization","name":"Sotec","alternateName":"Sotec","url":"https:\/\/sotec-consulting.com\/en\/","logo":{"@type":"ImageObject","inLanguage":"en-US","@id":"https:\/\/sotec-consulting.com\/en\/#\/schema\/logo\/image\/","url":"https:\/\/sotec-consulting.com\/wp-content\/uploads\/2025\/11\/logo_sotec_horizonta.png","contentUrl":"https:\/\/sotec-consulting.com\/wp-content\/uploads\/2025\/11\/logo_sotec_horizonta.png","width":2423,"height":1080,"caption":"Sotec"},"image":{"@id":"https:\/\/sotec-consulting.com\/en\/#\/schema\/logo\/image\/"}}]}},"_links":{"self":[{"href":"https:\/\/sotec-consulting.com\/en\/wp-json\/wp\/v2\/pages\/52063","targetHints":{"allow":["GET"]}}],"collection":[{"href":"https:\/\/sotec-consulting.com\/en\/wp-json\/wp\/v2\/pages"}],"about":[{"href":"https:\/\/sotec-consulting.com\/en\/wp-json\/wp\/v2\/types\/page"}],"author":[{"embeddable":true,"href":"https:\/\/sotec-consulting.com\/en\/wp-json\/wp\/v2\/users\/29"}],"replies":[{"embeddable":true,"href":"https:\/\/sotec-consulting.com\/en\/wp-json\/wp\/v2\/comments?post=52063"}],"version-history":[{"count":0,"href":"https:\/\/sotec-consulting.com\/en\/wp-json\/wp\/v2\/pages\/52063\/revisions"}],"wp:attachment":[{"href":"https:\/\/sotec-consulting.com\/en\/wp-json\/wp\/v2\/media?parent=52063"}],"curies":[{"name":"wp","href":"https:\/\/api.w.org\/{rel}","templated":true}]}}